{"id":173,"date":"2022-11-18T15:32:47","date_gmt":"2022-11-18T15:32:47","guid":{"rendered":"https:\/\/rama-peche.be\/?post_type=product&#038;p=173"},"modified":"2026-03-19T23:18:55","modified_gmt":"2026-03-19T22:18:55","slug":"monte-hamecons","status":"publish","type":"product","link":"https:\/\/rama-peche.be\/?product=monte-hamecons","title":{"rendered":"Monte hame\u00e7ons"},"content":{"rendered":"<div class=\"xdj266r x11i5rnm xat24cr x1mh8g0r x1vvkbs\">\n<div style=\"width: 640px;\" class=\"wp-video\"><video class=\"wp-video-shortcode\" id=\"video-173-1\" width=\"640\" height=\"640\" preload=\"metadata\" controls=\"controls\"><source type=\"video\/mp4\" src=\"https:\/\/rama-peche.be\/wp-content\/uploads\/2022\/11\/314625393_196347916132446_8496884597204125998_n.mp4?_=1\" \/><a href=\"https:\/\/rama-peche.be\/wp-content\/uploads\/2022\/11\/314625393_196347916132446_8496884597204125998_n.mp4\">https:\/\/rama-peche.be\/wp-content\/uploads\/2022\/11\/314625393_196347916132446_8496884597204125998_n.mp4<\/a><\/video><\/div>\n<p>Monte hame\u00e7ons semi automatique.<\/p>\n<p>Pour hame\u00e7on \u00e0 partir de 16 et+<\/p>\n<p>&nbsp;<\/p>\n<\/div>\n<div class=\"x11i5rnm xat24cr x1mh8g0r x1vvkbs xtlvy1s\">\n<div><\/div>\n<div><\/div>\n<div><\/div>\n<div><\/div>\n<div><\/div>\n<div>\n<p>*******************************************************<\/p>\n<p>Ce produits n&rsquo;est pas con\u00e7us par Rama-P\u00eache.<br \/>\nCependant je le trouve plus qu&rsquo;int\u00e9ressant et utile donc le voici sur ma petite boutique de passionn\u00e9.<\/p>\n<\/div>\n<\/div>\n<div class=\"x11i5rnm xat24cr x1mh8g0r x1vvkbs xtlvy1s\"><\/div>\n","protected":false},"excerpt":{"rendered":"<p>Monte hame\u00e7ons semi automatique. Pour hame\u00e7on \u00e0 partir de 16 et+ &nbsp; ******************************************************* Ce produits n&rsquo;est pas con\u00e7us par Rama-P\u00eache. Cependant je le trouve plus qu&rsquo;int\u00e9ressant et utile donc le voici sur ma petite boutique de passionn\u00e9.<\/p>\n","protected":false},"featured_media":20,"comment_status":"open","ping_status":"closed","template":"","meta":{"_et_pb_use_builder":"","_et_pb_old_content":"","_et_gb_content_width":""},"product_brand":[],"product_cat":[20],"product_tag":[],"class_list":{"0":"post-173","1":"product","2":"type-product","3":"status-publish","4":"has-post-thumbnail","6":"product_cat-montage-hamecon","8":"first","9":"instock","10":"shipping-taxable","11":"purchasable","12":"product-type-simple"},"jetpack_sharing_enabled":true,"_links":{"self":[{"href":"https:\/\/rama-peche.be\/index.php?rest_route=\/wp\/v2\/product\/173","targetHints":{"allow":["GET"]}}],"collection":[{"href":"https:\/\/rama-peche.be\/index.php?rest_route=\/wp\/v2\/product"}],"about":[{"href":"https:\/\/rama-peche.be\/index.php?rest_route=\/wp\/v2\/types\/product"}],"replies":[{"embeddable":true,"href":"https:\/\/rama-peche.be\/index.php?rest_route=%2Fwp%2Fv2%2Fcomments&post=173"}],"wp:featuredmedia":[{"embeddable":true,"href":"https:\/\/rama-peche.be\/index.php?rest_route=\/wp\/v2\/media\/20"}],"wp:attachment":[{"href":"https:\/\/rama-peche.be\/index.php?rest_route=%2Fwp%2Fv2%2Fmedia&parent=173"}],"wp:term":[{"taxonomy":"product_brand","embeddable":true,"href":"https:\/\/rama-peche.be\/index.php?rest_route=%2Fwp%2Fv2%2Fproduct_brand&post=173"},{"taxonomy":"product_cat","embeddable":true,"href":"https:\/\/rama-peche.be\/index.php?rest_route=%2Fwp%2Fv2%2Fproduct_cat&post=173"},{"taxonomy":"product_tag","embeddable":true,"href":"https:\/\/rama-peche.be\/index.php?rest_route=%2Fwp%2Fv2%2Fproduct_tag&post=173"}],"curies":[{"name":"wp","href":"https:\/\/api.w.org\/{rel}","templated":true}]}}