{"id":182,"date":"2022-11-18T17:05:43","date_gmt":"2022-11-18T16:05:43","guid":{"rendered":"https:\/\/rama-peche.be\/?post_type=product&#038;p=182"},"modified":"2026-03-23T21:29:41","modified_gmt":"2026-03-23T20:29:41","slug":"station-de-montage-bas-de-ligne-rama-peche-2","status":"publish","type":"product","link":"https:\/\/rama-peche.be\/?product=station-de-montage-bas-de-ligne-rama-peche-2","title":{"rendered":"Station de montage bas de ligne Rama-P\u00eache de 8 \u00e0 30cm"},"content":{"rendered":"<div class=\"wp-video\" style=\"width: 360px;\">\n<p>Pour bas de ligne de 8 \u00e0 30 cm.<br \/>\npour hame\u00e7ons de 14 \u00e0 28 !<\/p>\n<p>*******************************************************<br \/>\nLes produits con\u00e7us par Rama-P\u00eache sont le fruits de mes quelques ann\u00e9es de passion pour la p\u00eache et de mon respect pour les p\u00eacheurs.<\/p>\n<p>Ils sont con\u00e7us pour un maximum d&rsquo;utilisabilit\u00e9 et pas pour un maximum de profit c&rsquo;est pourquoi leur taille est adapt\u00e9e \u00e0 leur utilisation.<\/p>\n<p>Et c&rsquo;est aussi pourquoi ils vous serviront de nombreuses ann\u00e9es si vous en prenez soin.<\/p>\n<p><iframe loading=\"lazy\" title=\"Station montage bas de ligne RAMA-P\u00caCHE\" width=\"1080\" height=\"810\" src=\"https:\/\/www.youtube.com\/embed\/9jjEYPEusaQ?feature=oembed\"  allow=\"accelerometer; autoplay; clipboard-write; encrypted-media; gyroscope; picture-in-picture; web-share\" referrerpolicy=\"strict-origin-when-cross-origin\" allowfullscreen><\/iframe><\/p>\n<\/div>\n","protected":false},"excerpt":{"rendered":"<p>Pour bas de ligne de \u00a08 \u00e0 30 cm<\/p>\n<p>https:\/\/youtu.be\/9jjEYPEusaQ<\/p>\n","protected":false},"featured_media":1085,"comment_status":"open","ping_status":"closed","template":"","meta":{"_et_pb_use_builder":"","_et_pb_old_content":"","_et_gb_content_width":""},"product_brand":[],"product_cat":[18],"product_tag":[],"class_list":{"0":"post-182","1":"product","2":"type-product","3":"status-publish","4":"has-post-thumbnail","6":"product_cat-montage-bas-de-ligne","8":"first","9":"instock","10":"featured","11":"shipping-taxable","12":"purchasable","13":"product-type-simple"},"jetpack_sharing_enabled":true,"_links":{"self":[{"href":"https:\/\/rama-peche.be\/index.php?rest_route=\/wp\/v2\/product\/182","targetHints":{"allow":["GET"]}}],"collection":[{"href":"https:\/\/rama-peche.be\/index.php?rest_route=\/wp\/v2\/product"}],"about":[{"href":"https:\/\/rama-peche.be\/index.php?rest_route=\/wp\/v2\/types\/product"}],"replies":[{"embeddable":true,"href":"https:\/\/rama-peche.be\/index.php?rest_route=%2Fwp%2Fv2%2Fcomments&post=182"}],"wp:featuredmedia":[{"embeddable":true,"href":"https:\/\/rama-peche.be\/index.php?rest_route=\/wp\/v2\/media\/1085"}],"wp:attachment":[{"href":"https:\/\/rama-peche.be\/index.php?rest_route=%2Fwp%2Fv2%2Fmedia&parent=182"}],"wp:term":[{"taxonomy":"product_brand","embeddable":true,"href":"https:\/\/rama-peche.be\/index.php?rest_route=%2Fwp%2Fv2%2Fproduct_brand&post=182"},{"taxonomy":"product_cat","embeddable":true,"href":"https:\/\/rama-peche.be\/index.php?rest_route=%2Fwp%2Fv2%2Fproduct_cat&post=182"},{"taxonomy":"product_tag","embeddable":true,"href":"https:\/\/rama-peche.be\/index.php?rest_route=%2Fwp%2Fv2%2Fproduct_tag&post=182"}],"curies":[{"name":"wp","href":"https:\/\/api.w.org\/{rel}","templated":true}]}}