{"id":216,"date":"2022-11-21T14:23:21","date_gmt":"2022-11-21T13:23:21","guid":{"rendered":"https:\/\/rama-peche.be\/?post_type=product&#038;p=216"},"modified":"2026-03-28T12:53:34","modified_gmt":"2026-03-28T11:53:34","slug":"monte-plombs-rama-peche-pour-station","status":"publish","type":"product","link":"https:\/\/rama-peche.be\/?product=monte-plombs-rama-peche-pour-station","title":{"rendered":"Monte plombs avec vis Rama-P\u00eache pour Station pour plombs sph\u00e9riques ( ronds)"},"content":{"rendered":"<p>Monte plombs sph\u00e9rique avec filet 3\/8 pour piquet de station.<\/p>\n<div><\/div>\n<div><\/div>\n<div><\/div>\n<div><\/div>\n<div><\/div>\n<div>\n<p>*******************************************************<\/p>\n<p>Les produits con\u00e7us par Rama-P\u00eache sont le fruits de\u00a0 mes quelques ann\u00e9es de passion pour la p\u00eache et de mon respect pour les p\u00eacheurs.<br \/>\nIls sont con\u00e7us pour un maximum d&rsquo;utilisabilit\u00e9 et pas pour un maximum de profit c&rsquo;est pourquoi leur taille est adapt\u00e9e \u00e0 leur utilisation.<br \/>\nEt c&rsquo;est aussi pourquoi ils vous serviront de nombreuses ann\u00e9es si vous en prenez soin.<\/p>\n<\/div>\n","protected":false},"excerpt":{"rendered":"<p>Monte plombs sph\u00e9rique avec filet 3\/8 pour piquet de station<\/p>\n","protected":false},"featured_media":1081,"comment_status":"open","ping_status":"closed","template":"","meta":{"_et_pb_use_builder":"","_et_pb_old_content":"","_et_gb_content_width":""},"product_brand":[],"product_cat":[19],"product_tag":[],"class_list":{"0":"post-216","1":"product","2":"type-product","3":"status-publish","4":"has-post-thumbnail","6":"product_cat-montage-plombs","8":"first","9":"instock","10":"shipping-taxable","11":"purchasable","12":"product-type-simple"},"jetpack_sharing_enabled":true,"_links":{"self":[{"href":"https:\/\/rama-peche.be\/index.php?rest_route=\/wp\/v2\/product\/216","targetHints":{"allow":["GET"]}}],"collection":[{"href":"https:\/\/rama-peche.be\/index.php?rest_route=\/wp\/v2\/product"}],"about":[{"href":"https:\/\/rama-peche.be\/index.php?rest_route=\/wp\/v2\/types\/product"}],"replies":[{"embeddable":true,"href":"https:\/\/rama-peche.be\/index.php?rest_route=%2Fwp%2Fv2%2Fcomments&post=216"}],"wp:featuredmedia":[{"embeddable":true,"href":"https:\/\/rama-peche.be\/index.php?rest_route=\/wp\/v2\/media\/1081"}],"wp:attachment":[{"href":"https:\/\/rama-peche.be\/index.php?rest_route=%2Fwp%2Fv2%2Fmedia&parent=216"}],"wp:term":[{"taxonomy":"product_brand","embeddable":true,"href":"https:\/\/rama-peche.be\/index.php?rest_route=%2Fwp%2Fv2%2Fproduct_brand&post=216"},{"taxonomy":"product_cat","embeddable":true,"href":"https:\/\/rama-peche.be\/index.php?rest_route=%2Fwp%2Fv2%2Fproduct_cat&post=216"},{"taxonomy":"product_tag","embeddable":true,"href":"https:\/\/rama-peche.be\/index.php?rest_route=%2Fwp%2Fv2%2Fproduct_tag&post=216"}],"curies":[{"name":"wp","href":"https:\/\/api.w.org\/{rel}","templated":true}]}}