{"id":219,"date":"2022-11-21T14:26:35","date_gmt":"2022-11-21T13:26:35","guid":{"rendered":"https:\/\/rama-peche.be\/?post_type=product&#038;p=219"},"modified":"2026-05-02T09:25:56","modified_gmt":"2026-05-02T08:25:56","slug":"monte-plombs-sur-planche-pour-plombs-spheriques","status":"publish","type":"product","link":"https:\/\/rama-peche.be\/?product=monte-plombs-sur-planche-pour-plombs-spheriques","title":{"rendered":"Monte plombs Rama-P\u00eache sur planche pour plombs sph\u00e9riques (Ronds)"},"content":{"rendered":"<p>&nbsp;<\/p>\n<div class=\"wp-video\" style=\"width: 1280px;\">\n<p>&nbsp;<\/p>\n<\/div>\n<div class=\"wp-video\" style=\"width: 324px;\"><\/div>\n<p>Monte plombs sur planche \u00e0 poser sur table, axes 3mm de diam\u00e8tre incurv\u00e9s pour plombs sph\u00e9riques !<\/p>\n<p>&nbsp;<\/p>\n<div>\n<div style=\"width: 1080px;\" class=\"wp-video\"><video class=\"wp-video-shortcode\" id=\"video-219-1\" width=\"1080\" height=\"608\" preload=\"metadata\" controls=\"controls\"><source type=\"video\/mp4\" src=\"https:\/\/rama-peche.be\/wp-content\/uploads\/2022\/11\/Monte-ploms-RAMA-modifie.mp4?_=1\" \/><a href=\"https:\/\/rama-peche.be\/wp-content\/uploads\/2022\/11\/Monte-ploms-RAMA-modifie.mp4\">https:\/\/rama-peche.be\/wp-content\/uploads\/2022\/11\/Monte-ploms-RAMA-modifie.mp4<\/a><\/video><\/div>\n<p>&nbsp;<\/p>\n<\/div>\n<div><\/div>\n<div><\/div>\n<div><\/div>\n<div><\/div>\n<div>******************************************************* Les produits con\u00e7us par Rama-P\u00eache sont le fruits de\u00a0 mes quelques ann\u00e9es de passion pour la p\u00eache et de mon respect pour les p\u00eacheurs. Ils sont con\u00e7us pour un maximum d&rsquo;utilisabilit\u00e9 et pas pour un maximum de profit c&rsquo;est pourquoi leur taille est adapt\u00e9e \u00e0 leur utilisation. Et c&rsquo;est aussi pourquoi ils vous serviront de nombreuses ann\u00e9es si vous en prenez soin.<\/div>\n","protected":false},"excerpt":{"rendered":"<p>Monte plombs sur planche \u00e0 poser sur table, axes 3mm de diam\u00e8tre incurv\u00e9s pour plombs sph\u00e9riques !<\/p>\n<div style=\"width: 1080px;\" class=\"wp-video\"><video class=\"wp-video-shortcode\" id=\"video-219-2\" width=\"1080\" height=\"608\" preload=\"metadata\" controls=\"controls\"><source type=\"video\/mp4\" src=\"https:\/\/rama-peche.be\/wp-content\/uploads\/2022\/11\/Monte-ploms-RAMA-modifie.mp4?_=2\" \/><a href=\"https:\/\/rama-peche.be\/wp-content\/uploads\/2022\/11\/Monte-ploms-RAMA-modifie.mp4\">https:\/\/rama-peche.be\/wp-content\/uploads\/2022\/11\/Monte-ploms-RAMA-modifie.mp4<\/a><\/video><\/div>\n<p>&nbsp;<\/p>\n","protected":false},"featured_media":1083,"comment_status":"open","ping_status":"closed","template":"","meta":{"_et_pb_use_builder":"off","_et_pb_old_content":"<div class=\"wp-video\" style=\"width: 1080px\"><!-- [if lt IE 9]>document.createElement('video');<![endif]-->\r\n<video id=\"video-0-1\" class=\"wp-video-shortcode\" preload=\"metadata\" controls=\"controls\" width=\"1080\" height=\"608\"><a href=\"https:\/\/rama-peche.be\/wp-content\/uploads\/2022\/11\/Monte-ploms-RAMA-modifie.mp4\">https:\/\/rama-peche.be\/wp-content\/uploads\/2022\/11\/Monte-ploms-RAMA-modifie.mp4<\/a><\/video><\/div>\r\n<div class=\"wp-video\" style=\"width: 324px\"><video id=\"video-0-2\" class=\"wp-video-shortcode\" preload=\"metadata\" controls=\"controls\" width=\"324\" height=\"720\"><a href=\"https:\/\/rama-peche.be\/wp-content\/uploads\/2022\/11\/Monte-plombs-RAMA-PECHE.mp4\">https:\/\/rama-peche.be\/wp-content\/uploads\/2022\/11\/Monte-plombs-RAMA-PECHE.mp4<\/a><\/video><\/div>\r\nMonte plombs sur planche \u00e0 poser sur table, axes 3mm de diam\u00e8tre incurv\u00e9s pour plombs sph\u00e9riques !\r\n<div><\/div>\r\n<div><\/div>\r\n<div><\/div>\r\n<div><\/div>\r\n<div><\/div>\r\n<div>\r\n\r\n*******************************************************\r\n\r\nLes produits con\u00e7us par Rama-P\u00eache sont le fruits de\u00a0 mes quelques ann\u00e9es de passion pour la p\u00eache et de mon respect pour les p\u00eacheurs.\r\nIls sont con\u00e7us pour un maximum d'utilisabilit\u00e9 et pas pour un maximum de profit c'est pourquoi leur taille est adapt\u00e9e \u00e0 leur utilisation.\r\nEt c'est aussi pourquoi ils vous serviront de nombreuses ann\u00e9es si vous en prenez soin.\r\n\r\n<\/div>","_et_gb_content_width":""},"product_brand":[],"product_cat":[19],"product_tag":[],"class_list":{"0":"post-219","1":"product","2":"type-product","3":"status-publish","4":"has-post-thumbnail","6":"product_cat-montage-plombs","8":"first","9":"instock","10":"featured","11":"purchasable","12":"product-type-simple"},"jetpack_sharing_enabled":true,"_links":{"self":[{"href":"https:\/\/rama-peche.be\/index.php?rest_route=\/wp\/v2\/product\/219","targetHints":{"allow":["GET"]}}],"collection":[{"href":"https:\/\/rama-peche.be\/index.php?rest_route=\/wp\/v2\/product"}],"about":[{"href":"https:\/\/rama-peche.be\/index.php?rest_route=\/wp\/v2\/types\/product"}],"replies":[{"embeddable":true,"href":"https:\/\/rama-peche.be\/index.php?rest_route=%2Fwp%2Fv2%2Fcomments&post=219"}],"wp:featuredmedia":[{"embeddable":true,"href":"https:\/\/rama-peche.be\/index.php?rest_route=\/wp\/v2\/media\/1083"}],"wp:attachment":[{"href":"https:\/\/rama-peche.be\/index.php?rest_route=%2Fwp%2Fv2%2Fmedia&parent=219"}],"wp:term":[{"taxonomy":"product_brand","embeddable":true,"href":"https:\/\/rama-peche.be\/index.php?rest_route=%2Fwp%2Fv2%2Fproduct_brand&post=219"},{"taxonomy":"product_cat","embeddable":true,"href":"https:\/\/rama-peche.be\/index.php?rest_route=%2Fwp%2Fv2%2Fproduct_cat&post=219"},{"taxonomy":"product_tag","embeddable":true,"href":"https:\/\/rama-peche.be\/index.php?rest_route=%2Fwp%2Fv2%2Fproduct_tag&post=219"}],"curies":[{"name":"wp","href":"https:\/\/api.w.org\/{rel}","templated":true}]}}